{"id":240,"date":"2019-01-21T20:06:37","date_gmt":"2019-01-21T19:06:37","guid":{"rendered":"https:\/\/nordufercamping.de\/wordpress\/?page_id=240"},"modified":"2019-01-21T20:06:48","modified_gmt":"2019-01-21T19:06:48","slug":"platzordnung","status":"publish","type":"page","link":"https:\/\/nordufercamping.de\/?page_id=240","title":{"rendered":"Platzordnung"},"content":{"rendered":"\n<ol class=\"wp-block-list\"><li>Die H\u00f6chtbelegungsst\u00e4rke des Campingplatzes betr\u00e4gt 1350 Personen.<\/li><li>Die geb\u00fchren f\u00fcr die \u00dcbernachtungen ergeben sich aus der als Bestandteil dieser Campingplatzordnung beigef\u00fcgten Preisliste in der jeweils g\u00fcltigen Fassung.<\/li><li>Jugendliche unter 18 Jahren d\u00fcrfen nur mit schriftlicher Genehmigung und Kopie des Personalausweises ihrer Eltern Campen.<\/li><li>Jeder Benutzer des Campingplatzes hat bei seiner Ankunft sofort den Platzwart aufzusuchen und unter Vorlage des Personalausweises, des Reisepasses oder Passersatzes seine Anmeldung vorzunehmen. Hierbei sind gleichzeitig die Benutzungsgeb\u00fchren und eine Kaution zu entrichten.<\/li><li>Die einzelnen Stellpl\u00e4tze werden durch den Platzwart angewiesen; die Benutzung eines anderen Platzes oder ein eigenm\u00e4chtiger Platzwechsel ist nicht erstattet.<\/li><li>Der Campingplatz ist von 22:00 Uhr bis 07:00 Uhr und 13:00 Uhr bis 15:00 Uhr f\u00fcr jeden Autoverkehr gesperrt.<\/li><li>Das Grillen mit Holzkohle ist erlaubt.<\/li><li>Offene Feuer sind nicht gestattet.<\/li><li>Ruhest\u00f6render L\u00e4rm ist zu unterlassen, und hat insbesondere in der Zeit von 22:00 Uhr bis 07:00 Uhr und 13:00 Uhr bis 15:00 Uhr hat Ruhe zu herrschen. Das Spielen von Radios und Instrumenten ist w\u00e4hrend dieser Zeit nicht erlaubt, w\u00e4hrend der \u00fcbrigen Zeit nur so laut, dass andere nicht gest\u00f6rt werden.<\/li><li>Der Campingplatz ist von dem Benutzer w\u00e4hrend des Aufenthaltes sowie vor seinem Weggang vollst\u00e4ndig in Ordnung zu bringen. F\u00fcr die Abfalle stehen Glas-, Papier-, Kunststoff- und Restm\u00fcllcontainer am Haupteingang bereit. Jeder wird aufgefordert den M\u00fcll zu trennen. Bei Nichteinhaltung wird eine zus\u00e4tzliche M\u00fcllgeb\u00fchr von uns erhoben.<\/li><li>Irgendwelche Haftpflicht f\u00fcr abhanden gekommene oder besch\u00e4digte Gegenst\u00e4nde der Campingplatznutzer, f\u00fcr Unf\u00e4lle oder Verletzungen, wird nicht \u00fcbernommen.<\/li><li>Den Weisungen des Platzwartes oder seines Vertreters ist unbedingt Folge zu leisten. Grobe Verst\u00f6\u00dfe gegen die Campingplatzordnung oder gegen die gegebenen Anweisungen haben sofortige Platzverweisung zur Folge.<\/li><li>Der Hausierhandel ist auf dem Campingplatz verboten. Das Mitbringen von Hunden und anderen Tieren ist nicht gestattet. Das Befahren des Campingplatzes mit Motorr\u00e4dern, Mopeds und Mofas ist nicht gestattet.<\/li><li>Landfahrer und Wandergewerbereisende haben auf dem Campingplatz keinen Zutritt.<\/li><li>F\u00fcr die Einhaltung der Campingplatzordnung ist eine Kaution in Hohe von l0Euro pro Person als Sicherheit zu hinterlegen. Bei Nichteinhaltung der Campingplatzordnung erfolgt Platzverweis ohne Erstattung der Geb\u00fchr und Kaution.<\/li><\/ol>\n","protected":false},"excerpt":{"rendered":"<p>Die H\u00f6chtbelegungsst\u00e4rke des Campingplatzes betr\u00e4gt 1350 Personen. Die geb\u00fchren f\u00fcr die \u00dcbernachtungen ergeben sich aus der als Bestandteil dieser Campingplatzordnung beigef\u00fcgten Preisliste in der jeweils g\u00fcltigen<span class=\"excerpt-hellip\"> [\u2026]<\/span><\/p>\n","protected":false},"author":3,"featured_media":0,"parent":0,"menu_order":0,"comment_status":"closed","ping_status":"closed","template":"","meta":{"footnotes":""},"class_list":["post-240","page","type-page","status-publish","hentry"],"jetpack_sharing_enabled":true,"_links":{"self":[{"href":"https:\/\/nordufercamping.de\/index.php?rest_route=\/wp\/v2\/pages\/240","targetHints":{"allow":["GET"]}}],"collection":[{"href":"https:\/\/nordufercamping.de\/index.php?rest_route=\/wp\/v2\/pages"}],"about":[{"href":"https:\/\/nordufercamping.de\/index.php?rest_route=\/wp\/v2\/types\/page"}],"author":[{"embeddable":true,"href":"https:\/\/nordufercamping.de\/index.php?rest_route=\/wp\/v2\/users\/3"}],"replies":[{"embeddable":true,"href":"https:\/\/nordufercamping.de\/index.php?rest_route=%2Fwp%2Fv2%2Fcomments&post=240"}],"version-history":[{"count":1,"href":"https:\/\/nordufercamping.de\/index.php?rest_route=\/wp\/v2\/pages\/240\/revisions"}],"predecessor-version":[{"id":242,"href":"https:\/\/nordufercamping.de\/index.php?rest_route=\/wp\/v2\/pages\/240\/revisions\/242"}],"wp:attachment":[{"href":"https:\/\/nordufercamping.de\/index.php?rest_route=%2Fwp%2Fv2%2Fmedia&parent=240"}],"curies":[{"name":"wp","href":"https:\/\/api.w.org\/{rel}","templated":true}]}}